{"id":68,"date":"2025-02-03T20:11:05","date_gmt":"2025-02-03T17:11:05","guid":{"rendered":"https:\/\/safirdemo.com\/atolye\/foto-galeri\/"},"modified":"2025-02-14T22:49:31","modified_gmt":"2025-02-14T19:49:31","slug":"foto-galeri","status":"publish","type":"page","link":"https:\/\/paskaramotoru.com\/?page_id=68","title":{"rendered":"Foto Galeri"},"content":{"rendered":"\n<p>Bu sayfada temadaki dahili Lightbox \u00f6zelli\u011fi ile eklenen bir galeri g\u00f6rmektesiniz. Lightbox \u00f6zelli\u011fini tema ayarlar\u0131ndan pasif edip kendi Lighbox eklentinizi de kullanabilirsiniz. WordPressin default lightbox \u00f6zelli\u011fini de kullanabilirsiniz (Galerideki son g\u00f6rsel).<\/p>\n\n\n\n<figure class=\"wp-block-gallery has-nested-images columns-4 is-cropped wp-block-gallery-1 is-layout-flex wp-block-gallery-is-layout-flex\">\n<figure class=\"wp-block-image size-large\"><a href=\"https:\/\/paskaramotoru.com\/wp-content\/uploads\/2025\/02\/gallery01.webp\"><img width=\"1024\" height=\"683\" data-safirlazy=\"true\" data-id=\"845\" src=https:\/\/paskaramotoru.com\/wp-content\/themes\/neo\/assets\/images\/noimage.svg data-src=\"https:\/\/paskaramotoru.com\/wp-content\/uploads\/2025\/02\/gallery01-1024x683.webp\" alt=\"\" class=\"wp-image-845\" srcset=\"https:\/\/paskaramotoru.com\/wp-content\/uploads\/2025\/02\/gallery01-1024x683.webp 1024w, https:\/\/paskaramotoru.com\/wp-content\/uploads\/2025\/02\/gallery01-300x200.webp 300w, https:\/\/paskaramotoru.com\/wp-content\/uploads\/2025\/02\/gallery01-768x512.webp 768w, https:\/\/paskaramotoru.com\/wp-content\/uploads\/2025\/02\/gallery01.webp 1280w\" sizes=\"(max-width: 1024px) 100vw, 1024px\" \/><\/a><figcaption class=\"wp-element-caption\">Opsiyonel a\u00e7\u0131klama metni<\/figcaption><\/figure>\n\n\n\n<figure class=\"wp-block-image size-large\"><a href=\"https:\/\/paskaramotoru.com\/wp-content\/uploads\/2025\/02\/gallery02.webp\"><img width=\"1024\" height=\"678\" data-safirlazy=\"true\" data-id=\"846\" src=https:\/\/paskaramotoru.com\/wp-content\/themes\/neo\/assets\/images\/noimage.svg data-src=\"https:\/\/paskaramotoru.com\/wp-content\/uploads\/2025\/02\/gallery02-1024x678.webp\" alt=\"\" class=\"wp-image-846\" srcset=\"https:\/\/paskaramotoru.com\/wp-content\/uploads\/2025\/02\/gallery02-1024x678.webp 1024w, https:\/\/paskaramotoru.com\/wp-content\/uploads\/2025\/02\/gallery02-300x199.webp 300w, https:\/\/paskaramotoru.com\/wp-content\/uploads\/2025\/02\/gallery02-768x509.webp 768w, https:\/\/paskaramotoru.com\/wp-content\/uploads\/2025\/02\/gallery02.webp 1280w\" sizes=\"(max-width: 1024px) 100vw, 1024px\" \/><\/a><\/figure>\n\n\n\n<figure class=\"wp-block-image size-large\"><a href=\"https:\/\/paskaramotoru.com\/wp-content\/uploads\/2025\/02\/gallery03.webp\"><img width=\"1024\" height=\"682\" data-safirlazy=\"true\" data-id=\"847\" src=https:\/\/paskaramotoru.com\/wp-content\/themes\/neo\/assets\/images\/noimage.svg data-src=\"https:\/\/paskaramotoru.com\/wp-content\/uploads\/2025\/02\/gallery03-1024x682.webp\" alt=\"\" class=\"wp-image-847\" srcset=\"https:\/\/paskaramotoru.com\/wp-content\/uploads\/2025\/02\/gallery03-1024x682.webp 1024w, https:\/\/paskaramotoru.com\/wp-content\/uploads\/2025\/02\/gallery03-300x200.webp 300w, https:\/\/paskaramotoru.com\/wp-content\/uploads\/2025\/02\/gallery03-768x512.webp 768w, https:\/\/paskaramotoru.com\/wp-content\/uploads\/2025\/02\/gallery03.webp 1280w\" sizes=\"(max-width: 1024px) 100vw, 1024px\" \/><\/a><\/figure>\n\n\n\n<figure class=\"wp-block-image size-large\"><a href=\"https:\/\/paskaramotoru.com\/wp-content\/uploads\/2025\/02\/gallery04.webp\"><img width=\"1024\" height=\"682\" data-safirlazy=\"true\" data-id=\"848\" src=https:\/\/paskaramotoru.com\/wp-content\/themes\/neo\/assets\/images\/noimage.svg data-src=\"https:\/\/paskaramotoru.com\/wp-content\/uploads\/2025\/02\/gallery04-1024x682.webp\" alt=\"\" class=\"wp-image-848\" srcset=\"https:\/\/paskaramotoru.com\/wp-content\/uploads\/2025\/02\/gallery04-1024x682.webp 1024w, https:\/\/paskaramotoru.com\/wp-content\/uploads\/2025\/02\/gallery04-300x200.webp 300w, https:\/\/paskaramotoru.com\/wp-content\/uploads\/2025\/02\/gallery04-768x512.webp 768w, https:\/\/paskaramotoru.com\/wp-content\/uploads\/2025\/02\/gallery04.webp 1280w\" sizes=\"(max-width: 1024px) 100vw, 1024px\" \/><\/a><\/figure>\n\n\n\n<figure class=\"wp-block-image size-large\"><a href=\"https:\/\/paskaramotoru.com\/wp-content\/uploads\/2025\/02\/gallery05.webp\"><img width=\"1024\" height=\"683\" data-safirlazy=\"true\" data-id=\"849\" src=https:\/\/paskaramotoru.com\/wp-content\/themes\/neo\/assets\/images\/noimage.svg data-src=\"https:\/\/paskaramotoru.com\/wp-content\/uploads\/2025\/02\/gallery05-1024x683.webp\" alt=\"\" class=\"wp-image-849\" srcset=\"https:\/\/paskaramotoru.com\/wp-content\/uploads\/2025\/02\/gallery05-1024x683.webp 1024w, https:\/\/paskaramotoru.com\/wp-content\/uploads\/2025\/02\/gallery05-300x200.webp 300w, https:\/\/paskaramotoru.com\/wp-content\/uploads\/2025\/02\/gallery05-768x512.webp 768w, https:\/\/paskaramotoru.com\/wp-content\/uploads\/2025\/02\/gallery05.webp 1279w\" sizes=\"(max-width: 1024px) 100vw, 1024px\" \/><\/a><\/figure>\n\n\n\n<figure class=\"wp-block-image size-large\"><a href=\"https:\/\/paskaramotoru.com\/wp-content\/uploads\/2025\/02\/gallery06.webp\"><img width=\"1024\" height=\"683\" data-safirlazy=\"true\" data-id=\"850\" src=https:\/\/paskaramotoru.com\/wp-content\/themes\/neo\/assets\/images\/noimage.svg data-src=\"https:\/\/paskaramotoru.com\/wp-content\/uploads\/2025\/02\/gallery06-1024x683.webp\" alt=\"\" class=\"wp-image-850\" srcset=\"https:\/\/paskaramotoru.com\/wp-content\/uploads\/2025\/02\/gallery06-1024x683.webp 1024w, https:\/\/paskaramotoru.com\/wp-content\/uploads\/2025\/02\/gallery06-300x200.webp 300w, https:\/\/paskaramotoru.com\/wp-content\/uploads\/2025\/02\/gallery06-768x512.webp 768w, https:\/\/paskaramotoru.com\/wp-content\/uploads\/2025\/02\/gallery06.webp 1279w\" sizes=\"(max-width: 1024px) 100vw, 1024px\" \/><\/a><\/figure>\n\n\n\n<figure class=\"wp-block-image size-large\"><a href=\"https:\/\/paskaramotoru.com\/wp-content\/uploads\/2025\/02\/gallery07.webp\"><img width=\"1024\" height=\"682\" data-safirlazy=\"true\" data-id=\"851\" src=https:\/\/paskaramotoru.com\/wp-content\/themes\/neo\/assets\/images\/noimage.svg data-src=\"https:\/\/paskaramotoru.com\/wp-content\/uploads\/2025\/02\/gallery07-1024x682.webp\" alt=\"\" class=\"wp-image-851\" srcset=\"https:\/\/paskaramotoru.com\/wp-content\/uploads\/2025\/02\/gallery07-1024x682.webp 1024w, https:\/\/paskaramotoru.com\/wp-content\/uploads\/2025\/02\/gallery07-300x200.webp 300w, https:\/\/paskaramotoru.com\/wp-content\/uploads\/2025\/02\/gallery07-768x512.webp 768w, https:\/\/paskaramotoru.com\/wp-content\/uploads\/2025\/02\/gallery07.webp 1280w\" sizes=\"(max-width: 1024px) 100vw, 1024px\" \/><\/a><\/figure>\n\n\n\n<figure class=\"wp-block-image size-large\"><a href=\"https:\/\/paskaramotoru.com\/wp-content\/uploads\/2025\/02\/gallery08.webp\"><img width=\"1024\" height=\"577\" data-safirlazy=\"true\" data-id=\"852\" src=https:\/\/paskaramotoru.com\/wp-content\/themes\/neo\/assets\/images\/noimage.svg data-src=\"https:\/\/paskaramotoru.com\/wp-content\/uploads\/2025\/02\/gallery08-1024x577.webp\" alt=\"\" class=\"wp-image-852\" srcset=\"https:\/\/paskaramotoru.com\/wp-content\/uploads\/2025\/02\/gallery08-1024x577.webp 1024w, https:\/\/paskaramotoru.com\/wp-content\/uploads\/2025\/02\/gallery08-300x169.webp 300w, https:\/\/paskaramotoru.com\/wp-content\/uploads\/2025\/02\/gallery08-768x433.webp 768w, https:\/\/paskaramotoru.com\/wp-content\/uploads\/2025\/02\/gallery08.webp 1280w\" sizes=\"(max-width: 1024px) 100vw, 1024px\" \/><\/a><\/figure>\n\n\n\n<figure class=\"wp-block-image size-large\"><a href=\"https:\/\/paskaramotoru.com\/wp-content\/uploads\/2025\/02\/gallery09.webp\"><img width=\"1024\" height=\"682\" data-safirlazy=\"true\" data-id=\"853\" src=https:\/\/paskaramotoru.com\/wp-content\/themes\/neo\/assets\/images\/noimage.svg data-src=\"https:\/\/paskaramotoru.com\/wp-content\/uploads\/2025\/02\/gallery09-1024x682.webp\" alt=\"\" class=\"wp-image-853\" srcset=\"https:\/\/paskaramotoru.com\/wp-content\/uploads\/2025\/02\/gallery09-1024x682.webp 1024w, https:\/\/paskaramotoru.com\/wp-content\/uploads\/2025\/02\/gallery09-300x200.webp 300w, https:\/\/paskaramotoru.com\/wp-content\/uploads\/2025\/02\/gallery09-768x512.webp 768w, https:\/\/paskaramotoru.com\/wp-content\/uploads\/2025\/02\/gallery09.webp 1280w\" sizes=\"(max-width: 1024px) 100vw, 1024px\" \/><\/a><\/figure>\n\n\n\n<figure class=\"wp-block-image size-large\"><a href=\"https:\/\/paskaramotoru.com\/wp-content\/uploads\/2025\/02\/gallery010.webp\"><img width=\"1024\" height=\"683\" data-safirlazy=\"true\" data-id=\"854\" src=https:\/\/paskaramotoru.com\/wp-content\/themes\/neo\/assets\/images\/noimage.svg data-src=\"https:\/\/paskaramotoru.com\/wp-content\/uploads\/2025\/02\/gallery010-1024x683.webp\" alt=\"\" class=\"wp-image-854\" srcset=\"https:\/\/paskaramotoru.com\/wp-content\/uploads\/2025\/02\/gallery010-1024x683.webp 1024w, https:\/\/paskaramotoru.com\/wp-content\/uploads\/2025\/02\/gallery010-300x200.webp 300w, https:\/\/paskaramotoru.com\/wp-content\/uploads\/2025\/02\/gallery010-768x512.webp 768w, https:\/\/paskaramotoru.com\/wp-content\/uploads\/2025\/02\/gallery010.webp 1280w\" sizes=\"(max-width: 1024px) 100vw, 1024px\" \/><\/a><\/figure>\n\n\n\n<figure class=\"wp-block-image size-large\"><a href=\"https:\/\/paskaramotoru.com\/wp-content\/uploads\/2025\/02\/gallery11.webp\"><img width=\"1024\" height=\"680\" data-safirlazy=\"true\" data-id=\"855\" src=https:\/\/paskaramotoru.com\/wp-content\/themes\/neo\/assets\/images\/noimage.svg data-src=\"https:\/\/paskaramotoru.com\/wp-content\/uploads\/2025\/02\/gallery11-1024x680.webp\" alt=\"\" class=\"wp-image-855\" srcset=\"https:\/\/paskaramotoru.com\/wp-content\/uploads\/2025\/02\/gallery11-1024x680.webp 1024w, https:\/\/paskaramotoru.com\/wp-content\/uploads\/2025\/02\/gallery11-300x199.webp 300w, https:\/\/paskaramotoru.com\/wp-content\/uploads\/2025\/02\/gallery11-768x510.webp 768w, https:\/\/paskaramotoru.com\/wp-content\/uploads\/2025\/02\/gallery11.webp 1280w\" sizes=\"(max-width: 1024px) 100vw, 1024px\" \/><\/a><\/figure>\n\n\n\n<figure class=\"wp-block-image size-large\"><a href=\"https:\/\/paskaramotoru.com\/wp-content\/uploads\/2025\/02\/gallery12.webp\"><img width=\"1024\" height=\"682\" data-safirlazy=\"true\" data-id=\"856\" src=https:\/\/paskaramotoru.com\/wp-content\/themes\/neo\/assets\/images\/noimage.svg data-src=\"https:\/\/paskaramotoru.com\/wp-content\/uploads\/2025\/02\/gallery12-1024x682.webp\" alt=\"\" class=\"wp-image-856\" srcset=\"https:\/\/paskaramotoru.com\/wp-content\/uploads\/2025\/02\/gallery12-1024x682.webp 1024w, https:\/\/paskaramotoru.com\/wp-content\/uploads\/2025\/02\/gallery12-300x200.webp 300w, https:\/\/paskaramotoru.com\/wp-content\/uploads\/2025\/02\/gallery12-768x511.webp 768w, https:\/\/paskaramotoru.com\/wp-content\/uploads\/2025\/02\/gallery12.webp 1280w\" sizes=\"(max-width: 1024px) 100vw, 1024px\" \/><\/a><\/figure>\n\n\n\n<figure class=\"wp-block-image size-large\"><a href=\"https:\/\/paskaramotoru.com\/wp-content\/uploads\/2025\/02\/gallery13.webp\"><img width=\"1024\" height=\"662\" data-safirlazy=\"true\" data-id=\"857\" src=https:\/\/paskaramotoru.com\/wp-content\/themes\/neo\/assets\/images\/noimage.svg data-src=\"https:\/\/paskaramotoru.com\/wp-content\/uploads\/2025\/02\/gallery13-1024x662.webp\" alt=\"\" class=\"wp-image-857\" srcset=\"https:\/\/paskaramotoru.com\/wp-content\/uploads\/2025\/02\/gallery13-1024x662.webp 1024w, https:\/\/paskaramotoru.com\/wp-content\/uploads\/2025\/02\/gallery13-300x194.webp 300w, https:\/\/paskaramotoru.com\/wp-content\/uploads\/2025\/02\/gallery13-768x496.webp 768w, https:\/\/paskaramotoru.com\/wp-content\/uploads\/2025\/02\/gallery13.webp 1280w\" sizes=\"(max-width: 1024px) 100vw, 1024px\" \/><\/a><\/figure>\n\n\n\n<figure class=\"wp-block-image size-large\"><a href=\"https:\/\/paskaramotoru.com\/wp-content\/uploads\/2025\/02\/gallery14.webp\"><img width=\"1024\" height=\"682\" data-safirlazy=\"true\" data-id=\"858\" src=https:\/\/paskaramotoru.com\/wp-content\/themes\/neo\/assets\/images\/noimage.svg data-src=\"https:\/\/paskaramotoru.com\/wp-content\/uploads\/2025\/02\/gallery14-1024x682.webp\" alt=\"\" class=\"wp-image-858\" srcset=\"https:\/\/paskaramotoru.com\/wp-content\/uploads\/2025\/02\/gallery14-1024x682.webp 1024w, https:\/\/paskaramotoru.com\/wp-content\/uploads\/2025\/02\/gallery14-300x200.webp 300w, https:\/\/paskaramotoru.com\/wp-content\/uploads\/2025\/02\/gallery14-768x512.webp 768w, https:\/\/paskaramotoru.com\/wp-content\/uploads\/2025\/02\/gallery14.webp 1280w\" sizes=\"(max-width: 1024px) 100vw, 1024px\" \/><\/a><\/figure>\n\n\n\n<figure class=\"wp-block-image size-large\"><a href=\"https:\/\/paskaramotoru.com\/wp-content\/uploads\/2025\/02\/gallery15.webp\"><img width=\"1024\" height=\"682\" data-safirlazy=\"true\" data-id=\"859\" src=https:\/\/paskaramotoru.com\/wp-content\/themes\/neo\/assets\/images\/noimage.svg data-src=\"https:\/\/paskaramotoru.com\/wp-content\/uploads\/2025\/02\/gallery15-1024x682.webp\" alt=\"\" class=\"wp-image-859\" srcset=\"https:\/\/paskaramotoru.com\/wp-content\/uploads\/2025\/02\/gallery15-1024x682.webp 1024w, https:\/\/paskaramotoru.com\/wp-content\/uploads\/2025\/02\/gallery15-300x200.webp 300w, https:\/\/paskaramotoru.com\/wp-content\/uploads\/2025\/02\/gallery15-768x512.webp 768w, https:\/\/paskaramotoru.com\/wp-content\/uploads\/2025\/02\/gallery15.webp 1280w\" sizes=\"(max-width: 1024px) 100vw, 1024px\" \/><\/a><\/figure>\n\n\n\n<figure data-wp-context=\"{&quot;imageId&quot;:&quot;69dfe77e185b0&quot;}\" data-wp-interactive=\"core\/image\" data-wp-key=\"69dfe77e185b0\" class=\"wp-block-image size-large wp-lightbox-container\"><img loading=\"lazy\" decoding=\"async\" width=\"1024\" height=\"575\" data-wp-class--hide=\"state.isContentHidden\" data-wp-class--show=\"state.isContentVisible\" data-wp-init=\"callbacks.setButtonStyles\" data-wp-on--click=\"actions.showLightbox\" data-wp-on--load=\"callbacks.setButtonStyles\" data-wp-on-window--resize=\"callbacks.setButtonStyles\" data-id=\"863\" src=\"https:\/\/paskaramotoru.com\/wp-content\/uploads\/2025\/02\/gallery16-1024x575.webp\" alt=\"\" class=\"wp-image-863\" srcset=\"https:\/\/paskaramotoru.com\/wp-content\/uploads\/2025\/02\/gallery16-1024x575.webp 1024w, https:\/\/paskaramotoru.com\/wp-content\/uploads\/2025\/02\/gallery16-300x169.webp 300w, https:\/\/paskaramotoru.com\/wp-content\/uploads\/2025\/02\/gallery16-768x431.webp 768w, https:\/\/paskaramotoru.com\/wp-content\/uploads\/2025\/02\/gallery16.webp 1280w\" sizes=\"auto, (max-width: 1024px) 100vw, 1024px\" \/><button\n\t\t\tclass=\"lightbox-trigger\"\n\t\t\ttype=\"button\"\n\t\t\taria-haspopup=\"dialog\"\n\t\t\taria-label=\"B\u00fcy\u00fct\"\n\t\t\tdata-wp-init=\"callbacks.initTriggerButton\"\n\t\t\tdata-wp-on--click=\"actions.showLightbox\"\n\t\t\tdata-wp-style--right=\"state.imageButtonRight\"\n\t\t\tdata-wp-style--top=\"state.imageButtonTop\"\n\t\t>\n\t\t\t<svg xmlns=\"http:\/\/www.w3.org\/2000\/svg\" width=\"12\" height=\"12\" fill=\"none\" viewBox=\"0 0 12 12\">\n\t\t\t\t<path fill=\"#fff\" d=\"M2 0a2 2 0 0 0-2 2v2h1.5V2a.5.5 0 0 1 .5-.5h2V0H2Zm2 10.5H2a.5.5 0 0 1-.5-.5V8H0v2a2 2 0 0 0 2 2h2v-1.5ZM8 12v-1.5h2a.5.5 0 0 0 .5-.5V8H12v2a2 2 0 0 1-2 2H8Zm2-12a2 2 0 0 1 2 2v2h-1.5V2a.5.5 0 0 0-.5-.5H8V0h2Z\" \/>\n\t\t\t<\/svg>\n\t\t<\/button><\/figure>\n<\/figure>\n","protected":false},"excerpt":{"rendered":"<p>Bu sayfada temadaki dahili Lightbox \u00f6zelli\u011fi ile eklenen bir galeri g\u00f6rmektesiniz. Lightbox \u00f6zelli\u011fini tema ayarlar\u0131ndan pasif edip kendi Lighbox eklentinizi de kullanabilirsiniz. WordPressin default lightbox \u00f6zelli\u011fini de kullanabilirsiniz (Galerideki son g\u00f6rsel).<\/p>\n","protected":false},"author":1,"featured_media":0,"parent":0,"menu_order":0,"comment_status":"closed","ping_status":"closed","template":"","meta":{"fiyat":"","metin":"","ngg_post_thumbnail":0,"footnotes":""},"class_list":["post-68","page","type-page","status-publish","hentry"],"_links":{"self":[{"href":"https:\/\/paskaramotoru.com\/index.php?rest_route=\/wp\/v2\/pages\/68","targetHints":{"allow":["GET"]}}],"collection":[{"href":"https:\/\/paskaramotoru.com\/index.php?rest_route=\/wp\/v2\/pages"}],"about":[{"href":"https:\/\/paskaramotoru.com\/index.php?rest_route=\/wp\/v2\/types\/page"}],"author":[{"embeddable":true,"href":"https:\/\/paskaramotoru.com\/index.php?rest_route=\/wp\/v2\/users\/1"}],"replies":[{"embeddable":true,"href":"https:\/\/paskaramotoru.com\/index.php?rest_route=%2Fwp%2Fv2%2Fcomments&post=68"}],"version-history":[{"count":8,"href":"https:\/\/paskaramotoru.com\/index.php?rest_route=\/wp\/v2\/pages\/68\/revisions"}],"predecessor-version":[{"id":1113,"href":"https:\/\/paskaramotoru.com\/index.php?rest_route=\/wp\/v2\/pages\/68\/revisions\/1113"}],"wp:attachment":[{"href":"https:\/\/paskaramotoru.com\/index.php?rest_route=%2Fwp%2Fv2%2Fmedia&parent=68"}],"curies":[{"name":"wp","href":"https:\/\/api.w.org\/{rel}","templated":true}]}}